{"id":2,"date":"2012-05-19T12:56:53","date_gmt":"2012-05-19T12:56:53","guid":{"rendered":"http:\/\/wodetzki.no-ip.org\/projektben\/?page_id=2"},"modified":"2023-02-18T00:24:41","modified_gmt":"2023-02-18T00:24:41","slug":"beispiel-seite","status":"publish","type":"page","link":"https:\/\/www.projekt-ben.de\/?page_id=2","title":{"rendered":"Projekt Ben"},"content":{"rendered":"\n<div class=\"wp-block-media-text alignwide is-stacked-on-mobile is-vertically-aligned-top\"><figure class=\"wp-block-media-text__media\"><img loading=\"lazy\" decoding=\"async\" width=\"1024\" height=\"724\" src=\"http:\/\/www.projekt-ben.de\/wp-content\/uploads\/2023\/02\/cropped-ProjektBen_ohneSchrift-1-1-1024x724.png\" alt=\"\" class=\"wp-image-1083 size-full\" srcset=\"https:\/\/www.projekt-ben.de\/wp-content\/uploads\/2023\/02\/cropped-ProjektBen_ohneSchrift-1-1-1024x724.png 1024w, https:\/\/www.projekt-ben.de\/wp-content\/uploads\/2023\/02\/cropped-ProjektBen_ohneSchrift-1-1-590x417.png 590w, https:\/\/www.projekt-ben.de\/wp-content\/uploads\/2023\/02\/cropped-ProjektBen_ohneSchrift-1-1-768x543.png 768w, https:\/\/www.projekt-ben.de\/wp-content\/uploads\/2023\/02\/cropped-ProjektBen_ohneSchrift-1-1-1536x1087.png 1536w, https:\/\/www.projekt-ben.de\/wp-content\/uploads\/2023\/02\/cropped-ProjektBen_ohneSchrift-1-1.png 1771w\" sizes=\"auto, (max-width: 1024px) 100vw, 1024px\" \/><\/figure><div class=\"wp-block-media-text__content\">\n<p class=\"has-small-font-size\"><strong>Projekt Ben<\/strong> ist eine seit 2013 bestehende Formation aus NRW um den Gitarristen und S\u00e4nger <strong>Ben<\/strong>. <\/p>\n\n\n\n<p class=\"has-small-font-size\">Bei allen Songs wandelt die Band auf dem musikalischen Pfad des lebensnahen deutsch-Pop-Rocks. Sie besch\u00e4ftigt sich mit den Fragen des Lebens und schafft es zielsicher sich in ihren Liedern mit Themen ganzer Generationen auseinander zu setzen. <\/p>\n\n\n\n<p class=\"has-small-font-size\">Egal ob in leisen akustischen Werken oder auch lauteren elektronischen T\u00f6nen schaffen es Projekt Ben in jedem Ton, jedem Beat und jeder Zeile die Zuh\u00f6rer abzuholen und erm\u00f6glicht den H\u00f6rern, durch die Authentizit\u00e4t in ihren Texten, sich wieder zu erkennen. <\/p>\n\n\n\n<p class=\"has-small-font-size\">Auch zwischen den Liedern zeichnen sich Projekt Ben durch kleine Anekdoten als hervorragende Liveband aus. <\/p>\n\n\n\n<p class=\"has-small-font-size\">2020 nutzte die Band die Corona-Auszeit als Umbruch und ist seitdem in neuer Besetzung unterwegs. <strong>Sven<\/strong> Walther ist das neue Gesicht am Viersaiter. <strong>Christian<\/strong> Prange kehrte zur\u00fcck an die Drums und <strong>Felix<\/strong> Frommberger, vormals am Bass, \u00fcbernahm die Gitarre. 2023 arbeitet die Band mit voller Energie an neuen Songs. <\/p>\n\n\n\n<p class=\"has-small-font-size\"><strong>Besetzung: <\/strong><\/p>\n\n\n\n<p class=\"has-small-font-size\"><strong>Ben<\/strong> Wodetzki \u2013 Gesang, Gitarre, Tasten <\/p>\n\n\n\n<p class=\"has-small-font-size\"><strong>Felix<\/strong> Fromberger \u2013 Gitarre <\/p>\n\n\n\n<p class=\"has-small-font-size\"><strong>Sven<\/strong> Walther \u2013 Bass <\/p>\n\n\n\n<p class=\"has-small-font-size\"><strong>Christian<\/strong> Prange \u2013 Schlagzeug, Tasten<\/p>\n<\/div><\/div>\n","protected":false},"excerpt":{"rendered":"<p>Projekt Ben ist eine seit 2013 bestehende Formation aus NRW um den Gitarristen und S\u00e4nger Ben. Bei allen Songs wandelt die Band auf dem musikalischen Pfad des lebensnahen deutsch-Pop-Rocks. Sie besch\u00e4ftigt sich mit den Fragen des Lebens und schafft es zielsicher sich in ihren Liedern mit Themen ganzer Generationen auseinander zu setzen. Egal ob in [&hellip;]<\/p>\n","protected":false},"author":1,"featured_media":0,"parent":0,"menu_order":0,"comment_status":"closed","ping_status":"open","template":"","meta":{"footnotes":""},"class_list":["post-2","page","type-page","status-publish","hentry"],"jetpack_sharing_enabled":true,"_links":{"self":[{"href":"https:\/\/www.projekt-ben.de\/index.php?rest_route=\/wp\/v2\/pages\/2","targetHints":{"allow":["GET"]}}],"collection":[{"href":"https:\/\/www.projekt-ben.de\/index.php?rest_route=\/wp\/v2\/pages"}],"about":[{"href":"https:\/\/www.projekt-ben.de\/index.php?rest_route=\/wp\/v2\/types\/page"}],"author":[{"embeddable":true,"href":"https:\/\/www.projekt-ben.de\/index.php?rest_route=\/wp\/v2\/users\/1"}],"replies":[{"embeddable":true,"href":"https:\/\/www.projekt-ben.de\/index.php?rest_route=%2Fwp%2Fv2%2Fcomments&post=2"}],"version-history":[{"count":23,"href":"https:\/\/www.projekt-ben.de\/index.php?rest_route=\/wp\/v2\/pages\/2\/revisions"}],"predecessor-version":[{"id":1169,"href":"https:\/\/www.projekt-ben.de\/index.php?rest_route=\/wp\/v2\/pages\/2\/revisions\/1169"}],"wp:attachment":[{"href":"https:\/\/www.projekt-ben.de\/index.php?rest_route=%2Fwp%2Fv2%2Fmedia&parent=2"}],"curies":[{"name":"wp","href":"https:\/\/api.w.org\/{rel}","templated":true}]}}